{"id":28,"date":"2017-03-29T20:03:47","date_gmt":"2017-03-29T18:03:47","guid":{"rendered":"http:\/\/lasagessedufou.com\/?page_id=28"},"modified":"2025-11-13T13:18:41","modified_gmt":"2025-11-13T12:18:41","slug":"coaching-de-letre-vivant","status":"publish","type":"page","link":"https:\/\/lasagessedufou.com\/index.php\/coaching-de-letre-vivant\/","title":{"rendered":"Ai je oubli\u00e9 que je suis une \u00c2me\u00a0?"},"content":{"rendered":"\n<p>Nous avons oublier que nous sommes aussi une \u00c2me!<\/p>\n\n\n\n<p>Mon intention est d&rsquo;accompagner \u00e0 l\u2019autonomie, pour permettre la reconnexion \u00e0 son \u00c2me, de reprendre sa souverainet\u00e9 de pens\u00e9e, de choisir et d\u2019agir. Elle est aussi de te partage qui je suis pour te permettre d\u2019\u00eatre qui tu es.<\/p>\n\n\n\n<p>Tu es la seule et unique personne au monde cr\u00e9atrice de ton bonheur et de tes choix. Ni papa, ni le psy ou j\u00e9sus\u2026 ou moi, ou n\u2019importe quel m\u00e9dia, ne peuvent savoir mieux que toi ce qui est bon pour toi.<\/p>\n\n\n\n<p>Je le r\u00e9p\u00e8te, la seule personne responsable de ton bonheur, c&rsquo;est toi. Personne d\u2019autre ne l&rsquo;est  et le fera \u00e0 ta place. <\/p>\n\n\n\n<p>Ce n&rsquo;est pas de la moral, C&rsquo;est une loi universelle. Prenons-le comme un fait, c&rsquo;est comme \u00e7a.  <\/p>\n\n\n\n<p>L\u2019autonomie de pens\u00e9e, de choisir et d\u2019agir permet de reprendre son pouvoir cr\u00e9ateur. C&rsquo;est un chemin en soi et c\u2019est in\u00e9vitable pour retrouver sa Souverainet\u00e9.<\/p>\n\n\n\n<p>Nous sommes, chacun, une \u00e2me sensibles venus exp\u00e9rimenter la mati\u00e8re C&rsquo;est Notre Vie, la notre!<\/p>\n\n\n\n<p>Qui mieux que moi peut savoir ce qui est bon pour moi? <\/p>\n\n\n\n<p>Pour cela nous avons besoins de conscience, de savoir et de pratique.<\/p>\n\n\n\n<p>Conscience de l\u2019\u00e9cosyst\u00e8me que nous sommes et de toutes ses facettes. Nous sommes une machine complexe d\u2019une puissance inou\u00efe, pas juste un corps ou une pens\u00e9e. <\/p>\n\n\n\n<p>Savoir comment fonctionnes les facettes de cet \u00e9cosyst\u00e8me, conna\u00eetre notre corps \u00e9nerg\u00e9tique,  \u00eatre la pr\u00e9sence silencieuse en soi, utiliser le pouvoir de nos croyances, de nos peurs, de nos d\u00e9sirs, de nos manques, \u00e9clairer nos parts d\u2019ombres&#8230; <\/p>\n\n\n\n<p>Pratiquer la conscience de touts cela nous rapproche de notre pouvoir cr\u00e9ateur et de notre libert\u00e9 d\u2019\u00eatre souverain, de notre \u00e2me<\/p>\n\n\n\n<p>Que nous Sommes<\/p>\n\n\n\n<p>L\u2019\u00e9nergie est ce qui est avant la mati\u00e8re pourrais dire la physique quantique. Nous sommes de l\u2019\u00e9nergie avant d\u2019\u00eatre de la mati\u00e8re. On ne nous l&rsquo;a pas dit \u00e0 l\u2019\u00e9cole&nbsp;! <strong>Nous sommes d\u2019abord de l&rsquo;\u00e9nergie<\/strong>. Nous avons un corps \u00e9nerg\u00e9tique, il y a de l\u2019\u00e9nergie partout. Touts est, aussi \u00e9nergies&nbsp;; la lumi\u00e8re du soleil, le vent, la pens\u00e9e, la digestion, l\u2019os, les \u00e9motions, une table, un arbre, un film, de la musique, du vert, le blanc le noir, la peur, la joie, les croyances, la tv, le programme tv, un oiseau et son chant, une odeur, Dieu&#8230; touts est \u00e9nergies. <\/p>\n\n\n\n<p>Nous avons besoins d&rsquo;\u00e9nergie,<\/p>\n\n\n\n<p>Nous augmentons ou diminuons notre taux vibratoire (quantit\u00e9 d&rsquo;\u00e9nergie) en fonction de la qualit\u00e9 de l&rsquo;\u00e9nergie re\u00e7ue. Par exemple la peur fait chuter le taux vibratoire d&rsquo;une personne, la joie, le plaisir la fait monter. On peut et on se nourrit d&rsquo;\u00e9nergie. Si notre \u00e9nergie personnelle est basse nous pouvons agir dessus en augmentant son taux vibratoire de fa\u00e7ons assez facile rapidement. Se d\u00e9charger et se recharger est une pratique que nous pourrions comparer au brossage des dents, un soin journalier de l&rsquo;entit\u00e9 que nous sommes. \u00c0 nous de maintenir le niveau \u00e0 un taux suffisant pour nous permettre de croitre. <\/p>\n\n\n\n<p>Bien se rappeler que le corps \u00e9nerg\u00e9tique fait partie de l&rsquo;\u00e9cosyst\u00e8me que nous sommes et pas une fin en soi. C&rsquo;est un outil, une fonction comme le syst\u00e8me digestif, l&rsquo;intellect, le corps physique. \u00c0 lui seul il ne r\u00e9sout pas tout et il contribue \u00e0 l&rsquo;harmonie de l&rsquo;\u00e9cosyst\u00e8me.<\/p>\n\n\n\n<p>Prendre conscience de l\u2019existence de son corps \u00e9nerg\u00e9tique et des \u00ab\u00a0circulations\u00a0\u00bb d&rsquo;\u00e9nergie, fait partie des bases fondamentales, essentiels, Pour retrouver sa souverainet\u00e9 et son pouvoir cr\u00e9ateur. <\/p>\n\n\n\n<p>Une pi\u00e8ce ma\u00eetresse d&rsquo;\u00e9chiquier, est l&rsquo;\u00c2me.<\/p>\n\n\n\n<p>Les chamane tolt\u00e8que on un cosmologie int\u00e9ressante, nous sommes 3 consciences&nbsp;;<\/p>\n\n\n\n<ul class=\"wp-block-list\">\n<li>Le Tonal ( le connu individuel)<\/li>\n\n\n\n<li>la Pr\u00e9sence silencieuse en soi<\/li>\n\n\n\n<li>le Nagual (un champ de conscience illimit\u00e9 de touts les possibles)<\/li>\n<\/ul>\n\n\n\n<p>La plupart du temps, nous sommes identifi\u00e9s au connu individuel, ce qui nous emp\u00eache d\u2019avoir acc\u00e8s au champ de conscience illimit\u00e9 pour y aller puiser dedans et venir agrandir notre connu. <\/p>\n\n\n\n<p>On tourne en ronds en r\u00e9p\u00e9tant de jours en jours les m\u00eames choses, encore et encore, sans que de nouvelles exp\u00e9riences viennent agrandir notre conscience.<\/p>\n\n\n\n<p>La simplicit\u00e9 pour changer cela est de juste laisser la place \u00e0 la Pr\u00e9sence silencieuse en soi. L&rsquo;\u00c2me.<\/p>\n\n\n\n<p>En laissent la place \u00e0 l&rsquo;\u00c2me, nous sortons de la m\u00e9moire (le connu) pour laisser la place \u00e0 l\u2019inconnu d\u2019\u00eatre connu. Nous \u00e9largissons notre connu, nous devenons plus vaste et cela n&rsquo;a pas de fin.<\/p>\n\n\n\n<p>Elle est le pond, le trait d\u2019union entre le connu et l\u2019inconnu.<\/p>\n\n\n\n<p>Elle est encore et bien plus que \u00e7a.<\/p>\n\n\n\n<p>\u00catres la pr\u00e9sence silencieuse est notre nature profonde.<\/p>\n\n\n\n<p>Elles poss\u00e8de une force et une connaissance dont nous n\u2019imaginons pas la porter.<\/p>\n\n\n\n<p>Plus nous lui laissons la place plus notre vie se transforme d\u2019elle-m\u00eame vers une paix non conditionn\u00e9e.<\/p>\n\n\n\n<p>On ne nous l&rsquo;a pas dit et nous nous sommes perdu en chemin, on a pris \u00e0 droite apr\u00e8s la pet\u2019it butte et fallait tourner \u00e0 gauche. Pas grave, il faut juste refaire une mise \u00e0 jour du gps, apprendre \u00e0 le recharger, \u00e0 le nettoyer si besoins.<\/p>\n\n\n\n<p>Encore une fois ici, la seule personne qui peut le faire pour toi s\u2019est toi. Toi et seulement toi, c\u2019est ta force, ton pouvoir. Reprends le car tu en as le droit. Cela changera ta vie en profondeur. Tu deviendras r\u00e9alisateur de ta vie. <\/p>\n\n\n\n<p>Nous cr\u00e9ons constamment avec de l\u2019\u00e9nergie. Sans le savoir (inconscient), nous <em><strong>r\u00e9agissons<\/strong><\/em> \u00e0 ce qui se manifeste dans notre vie en fonction de nos peurs, de nos manques, de nos d\u00e9sirs, de nos croyances et nous sommes dirig\u00e9s par la manifestation. En sachant cela (conscient), nous <em><strong>agissons<\/strong><\/em> sur la manifestation et pouvons la changer.<\/p>\n\n\n\n<p>Ce que nous voyons \u00e0 l&rsquo;ext\u00e9rieur est le reflet de notre monde int\u00e9rieur conscient ou pas. Si nous rayonnons la peur alors elle se manifeste dans notre film. Elle se mat\u00e9rialise. C&rsquo;est ce que l&rsquo;on rayonne comme \u00e9nergie qui la cr\u00e9e<\/p>\n\n\n\n<p>La somme de rayonnement de chaque \u00eatre vivant fait le scenarios du monde que l&rsquo;on vit. <\/p>\n\n\n\n<p>Chacun est responsable \u00e0 cet endroit et nous ne pouvons  agir  que l\u00e0, pour participer \u00e0 l&rsquo;harmonie du  film ext\u00e9rieur. Nous, chacun de nous, participons de l&rsquo;int\u00e9rieur au film projet\u00e9. Prendre conscience et comprendre cela fait partie des premiers pas. C&rsquo;est r\u00e9volutionnaire. Contribuons a l&rsquo;harmonie du monde en rayonnant ce qui nous rend unique. Notre \u00ab\u00a0uniquit\u00e9e\u00a0\u00bb est ce que nous apportons au monde, c&rsquo;est notre pouvoir, notre force.<\/p>\n\n\n\n<p>D\u00e9ployons notre conscience, comprenons et agissons avec et sur nos croyances, soyons pr\u00e9sent en nous, soyons conscient de notre monde int\u00e9rieur, exp\u00e9rimentons la vie\u2026 <\/p>\n\n\n\n<p>Vivons notre vie d&rsquo;\u00eatre sensible et souverain venu exp\u00e9rimenter la mati\u00e8re.<\/p>\n\n\n\n<p>Cela ne s&rsquo;arr\u00eate jamais, c&rsquo;est toujours l\u00e0. Exp\u00e9rience perp\u00e9tuelle de soi <\/p>\n\n\n\n<p>Nous pouvons agir pour ancrer certain r\u00e9flex de pratique et puis pour les pratiquer. De fa\u00e7ons relativement simples, le tout en vaguant a nos occupations quotidiennes. Et en nous offrent r\u00e9guli\u00e8rement, ou quand on en ressent le besoin du temps pour \u00e7a. Comme aller faire une promenade de recharge \u00e9nerg\u00e9tique. <\/p>\n\n\n\n<p>Cela n&rsquo;enl\u00e8vera pas les \u00ab\u00a0tribulation\u00a0\u00bb de notre vie. <\/p>\n\n\n\n<p>Nous sommes une \u00c2me avent d\u2019\u00eatre un corps et un cerveau, que nous sommes aussi.<\/p>\n\n\n\n<p>Avec des \u00a0\u00bb&nbsp;trucs et astuces&nbsp;\u00ab\u00a0pour ancrer diff\u00e9rents \u00ab\u00a0moyens\u00a0\u00bb.<\/p>\n\n\n\n<p>Avec des notions de \u00ab\u00a0diff\u00e9rentes choses\u00a0\u00bb afin de pouvoir les comprendre et les pratiquer.<\/p>\n\n\n\n<p>Avec l\u2019\u00e9largissement de la conscience, de nos consciences.<\/p>\n\n\n\n<p>Avec la pr\u00e9sence silencieuse en soi.<\/p>\n\n\n\n<p>Avec toi, avec moi.<\/p>\n\n\n\n<p>Le tout saupoudrer d\u2019un peu de rien \u00e0 foutre (l\u00e2cher prise).<\/p>\n\n\n\n<p>Avec le respect de l\u2019autre et de soi.<\/p>\n\n\n\n<p>Je serai heureux d\u2019\u00eatre, pour un instant, ton compagnon de route sur ton chemin.<\/p>\n\n\n\n<p>Je le fait en individuel pour t\u2019accompagner au plus juste, de fa\u00e7ons ponctuel ou dans un suivi \u00e0 ton rythme.<\/p>\n\n\n\n<p>Je le fais aussi lors d\u2019activit\u00e9s diverses que je propose.<\/p>\n\n\n\n<p><strong> Je vous propose plusieurs formules :<\/strong><\/p>\n\n\n\n<ul class=\"wp-block-list\">\n<li><strong>En individuel, une journ\u00e9e dans des hauts lieux \u00e9nerg\u00e9tique (HLE).                                                                      <\/strong>l&rsquo;avantage d&rsquo;une journ\u00e9e individuelle est que nous pouvons d\u00e9velopper en profondeur ce pourquoi vous venez. \u00c9clairer l&rsquo;intention, nettoyer ce qui \u00e0 besoin (extraction) et reprogrammer ce qui a lieu (recouvrement). Sur une journ\u00e9e nous pouvons prendre le temps d\u2019aller mettre de la lumi\u00e8re o\u00f9 nous en avons besoin, de nous pauser dans des \u00ab\u00a0soins\u00a0\u00bb, d&rsquo;acqu\u00e9rir et de tester des outils pour nous \u00e9lever en conscience et en actions\u2026   Cela comprend en plus la d\u00e9couverte de lieux telluriques et une initiation \u00e0 la rencontre de ces \u00e9nergies. Pour moi, c&rsquo;est ce qu&rsquo;il y \u00e0 de mieux.<\/li>\n\n\n\n<li><strong>Accompagnement d&rsquo;une journ\u00e9e.<\/strong> <\/li>\n\n\n\n<li><strong>Accompagnement individuel de 3h dans des HLE<\/strong><\/li>\n\n\n\n<li><strong>Accompagnement de 3h<\/strong><\/li>\n\n\n\n<li><strong>Accompagnement \u00e0 l&rsquo;heure<\/strong><\/li>\n\n\n\n<li><strong>Accompagnement en petit groupe maximum 8 personnes <\/strong>(pas de dates pour l&rsquo;instant)<\/li>\n\n\n\n<li><strong>Vous cr\u00e9ez un groupe de minimum 4 personnes et nous organisons ensemble les contenus voulus et les dates<\/strong>.  <\/li>\n\n\n\n<li><strong>Accompagnement periodique \u00e0 votre rythme.<\/strong><\/li>\n<\/ul>\n\n\n<p align=\"justify\"><strong>Nous pouvons aborder toutes situations qui vous emp\u00eachent d\u2019aller dans votre potentiel.<\/strong><\/p>\n<p class=\"font_8\" style=\"text-align: left;\"><strong><span class=\"color_19\">Je serais heureux en ma qualit\u00e9 d\u2019\u00e9claireur de participer \u00e0 ce que vous vous reconnectiez \u00e0 ce que vous \u00eatre r\u00e9ellement.<\/span><\/strong><\/p>\n<h4><strong>Prix souhait\u00e9s : <\/strong><\/h4>\n<ul>\n<li><strong><span class=\"color_19\">Journ\u00e9e (+\/-6h) sur des Hauts lieux : 250\u20ac <\/span><\/strong><span class=\"color_19\">Cela comprend en plus la d\u00e9couverte de lieux tellurique et une initiation \u00e0 la rencontre de ces \u00e9nergies. <\/span><strong><span class=\"color_19\"><br \/><\/span><\/strong><\/li>\n<\/ul>\n<ul>\n<li><strong>Journ\u00e9e individuelle: 220\u20ac<\/strong><\/li>\n<li><strong>Accompagnement de 3h <span class=\"color_19\">sur des hauts lieux tellurique : 150\u20ac <\/span><\/strong><\/li>\n<li><strong>Accompagnement de 2h: 90\u20ac<\/strong><\/li>\n<li><strong>Vous cr\u00e9ez le groupe (mini 4<\/strong> <strong>p), pour une journ\u00e9e\/personne : 80\u20ac\u00a0 \u00a0\u00a0 -10% par p. parrain\u00e9es.<\/strong> \u00a0<\/li>\n<li><strong data-rich-text-format-boundary=\"true\">Accompagnement periodique \u00e0 votre rythme, s\u00e9ance de 2h: 80\u20ac\u00a0 <\/strong><\/li>\n<\/ul>\n<p>Le prix demand\u00e9 est pour le temps o\u00f9 je suis disponible pour vous.<\/p>\n<p><strong>Renseignement et r\u00e9servation : <\/strong><\/p>\n<ul>\n<li><strong>mail: info(a)lasagessedufou.com<\/strong><\/li>\n<li><strong>Gsm: 0471636186<\/strong><\/li>\n<li><strong>FB: la sagesse du fou<\/strong><\/li>\n<\/ul>\n<p style=\"text-align: left;\" align=\"justify\">","protected":false},"excerpt":{"rendered":"<p>Nous avons oublier que nous sommes aussi une \u00c2me! Mon intention est d&rsquo;accompagner \u00e0 l\u2019autonomie, pour permettre la reconnexion \u00e0 son \u00c2me, de reprendre sa souverainet\u00e9 de pens\u00e9e, de choisir et d\u2019agir. Elle est aussi de te partage qui je suis pour te permettre d\u2019\u00eatre qui tu es. Tu es la seule et unique personne [&hellip;]<\/p>\n","protected":false},"author":1,"featured_media":0,"parent":0,"menu_order":0,"comment_status":"closed","ping_status":"closed","template":"","meta":{"footnotes":""},"class_list":["post-28","page","type-page","status-publish","hentry"],"_links":{"self":[{"href":"https:\/\/lasagessedufou.com\/index.php\/wp-json\/wp\/v2\/pages\/28","targetHints":{"allow":["GET"]}}],"collection":[{"href":"https:\/\/lasagessedufou.com\/index.php\/wp-json\/wp\/v2\/pages"}],"about":[{"href":"https:\/\/lasagessedufou.com\/index.php\/wp-json\/wp\/v2\/types\/page"}],"author":[{"embeddable":true,"href":"https:\/\/lasagessedufou.com\/index.php\/wp-json\/wp\/v2\/users\/1"}],"replies":[{"embeddable":true,"href":"https:\/\/lasagessedufou.com\/index.php\/wp-json\/wp\/v2\/comments?post=28"}],"version-history":[{"count":69,"href":"https:\/\/lasagessedufou.com\/index.php\/wp-json\/wp\/v2\/pages\/28\/revisions"}],"predecessor-version":[{"id":1020,"href":"https:\/\/lasagessedufou.com\/index.php\/wp-json\/wp\/v2\/pages\/28\/revisions\/1020"}],"wp:attachment":[{"href":"https:\/\/lasagessedufou.com\/index.php\/wp-json\/wp\/v2\/media?parent=28"}],"curies":[{"name":"wp","href":"https:\/\/api.w.org\/{rel}","templated":true}]}}