{"id":37,"date":"2017-03-29T20:06:58","date_gmt":"2017-03-29T18:06:58","guid":{"rendered":"http:\/\/lasagessedufou.com\/?page_id=37"},"modified":"2026-03-15T14:20:55","modified_gmt":"2026-03-15T13:20:55","slug":"chamanisme","status":"publish","type":"page","link":"https:\/\/lasagessedufou.com\/index.php\/chamanisme\/","title":{"rendered":"Introspection Chamanique"},"content":{"rendered":"\n<h2 class=\"wp-block-heading has-text-align-center\">L&rsquo;Art du voyage chamanique <\/h2>\n\n\n\n<figure class=\"wp-block-image size-large\"><img loading=\"lazy\" decoding=\"async\" width=\"1024\" height=\"578\" src=\"https:\/\/lasagessedufou.com\/wp-content\/uploads\/2023\/10\/lake-1802337_1920-1024x578.jpg\" alt=\"\" class=\"wp-image-836\" srcset=\"https:\/\/lasagessedufou.com\/wp-content\/uploads\/2023\/10\/lake-1802337_1920-1024x578.jpg 1024w, https:\/\/lasagessedufou.com\/wp-content\/uploads\/2023\/10\/lake-1802337_1920-300x169.jpg 300w, https:\/\/lasagessedufou.com\/wp-content\/uploads\/2023\/10\/lake-1802337_1920-768x434.jpg 768w, https:\/\/lasagessedufou.com\/wp-content\/uploads\/2023\/10\/lake-1802337_1920-1536x867.jpg 1536w, https:\/\/lasagessedufou.com\/wp-content\/uploads\/2023\/10\/lake-1802337_1920.jpg 1920w\" sizes=\"auto, (max-width: 1024px) 100vw, 1024px\" \/><\/figure>\n\n\n<p>Le mot chamanisme que j\u2019emploie ici, d\u00e9signe un outil de d\u00e9veloppement personnel. Un chemin spirituel profond, authentique et accessible \u00e0 tous. \u00a0Il nous permet de nous ouvrir de plus en plus aux parties les plus subtiles de notre \u201cr\u00e9alit\u00e9\u201d. Il aiguise notre intuition et notre ressenti. Il nous donne acc\u00e8s \u00e0 notre inconscient et aux mondes subtils dans lesquels nous pouvons \u00e9voluer. Cela nous permet de d\u00e9crypter les informations re\u00e7ues. S\u2019ensuit alors une \u00e9volution de notre conscience qui nous rapproche de notre r\u00e9el nature.<\/p>\n<h2>Formules propos\u00e9es :<\/h2>\n<h3>Week-end d&rsquo;initiation au voyage chamanique<\/h3>\n<p style=\"text-align: left;\" align=\"justify\">Lors de ces 2 jours, nous abordons les mondes chamaniques. <br \/>Le 1er jour, nous apprenons \u00e0 voyager dans les 3 mondes \u00e0 la rencontre de nos alli\u00e9s (animaux de pouvoir, guides et autres \u00e9nergies aidantes).\u00a0<\/p>\n<p align=\"justify\">Le 2eme jour, nous entrouvrons une porte sur les possibles que cet outil peut amener \u00e0 chacun d&rsquo;entre nous s&rsquo;il l&rsquo;applique dans sa vie (introduction au chamanisme d&rsquo;introspection).<\/p>\n<p align=\"justify\">Lors de ce week-end, nous entrainons notre intuition et notre ressenti. Nous pratiquons \u00ab\u00a0l&rsquo;\u00e9nerg\u00e9tique\u00a0\u00bb et cultivons la pleine pr\u00e9sence. Nous puisons dans diff\u00e9rentes dimensions des informations pour notre \u00e9volution, et les ramenons dans la mati\u00e8re pour en faire quelque chose.<\/p>\n<p style=\"text-align: left;\">Pr\u00e9requis : rien, si ce n&rsquo;est une ouverture au subtil et l&rsquo;inattendu.<\/p>\n<h3 style=\"text-align: left;\" align=\"justify\">Journ\u00e9e de pratique\u00a0 d&rsquo;introspection chamanique<strong><br \/><\/strong><\/h3>\n<p align=\"left\">Pour exister dans notre vie, cet outil \u00e0 besoin d\u2019\u00eatre mis en pratique, d&rsquo;\u00eatre exp\u00e9riment\u00e9.<\/p>\n<p align=\"left\">Pratiquer en groupe est riche gr\u00e2ce aux synergies, aux retours des autres, aux nettoyages subtils\u2026<\/p>\n<p align=\"left\">Lors de cette journ\u00e9e, chaque participant pose une intention, et c&rsquo;est tout le groupe qui voyage pour lui. Au retour chacun partage son voyage. Et c&rsquo;est l\u00e0 que l&rsquo;alchimie se r\u00e9v\u00e8le.\u00a0<\/p>\n<p style=\"text-align: left;\" align=\"left\">En pratiquant, des r\u00e9flexes et une confiance profonde s\u2019installent, nous aiguisons notre intuition et affinons notre ressenti. Des portes s&rsquo;ouvrent, des perceptions changent, des outils se r\u00e9v\u00e8lent, des chemins s\u2019\u00e9clairent, des l\u00e2ch\u00e9s-prise se mat\u00e9rialisent, des prises de conscience apparaissent, des zones de conforts s&rsquo;expansent, de l&rsquo;exp\u00e9rience s\u2019assume&#8230; Et des processus de gu\u00e9rison peuvent avoir lieu.<\/p>\n<p>Mon accompagnement se fait en fonction de ce qui \u00e9merge ce jour l\u00e0 et de ce que vous traversez. Mon intention est de vous permettre de vous connecter \u00e0 votre guidance personnelle et de devenir autonome dans ce processus.<\/p>\n<p>Pr\u00e9requis : Id\u00e9alement, avoir fait le week-end d&rsquo;initiation.<\/p>\n<table style=\"height: 10px;\" width=\"516\" cellspacing=\"0\" cellpadding=\"4\">\n<colgroup>\n<col width=\"396\" \/> <\/colgroup>\n<tbody>\n<tr>\n<td valign=\"top\" width=\"396\">\u00a0<\/td>\n<\/tr>\n<\/tbody>\n<\/table>\n\n\n<h2 class=\"wp-block-heading has-text-align-center\" id=\"Dates\u00e0venir\"><strong>Dates \u00e0 venir : <\/strong><\/h2>\n\n\n\n<p>Le 21 f\u00e9vrier 2026 \u00e0 Noisy-sur-\u00e9cole, Seine et Marne 77 (For\u00eat de Fontainebleau)<\/p>\n\n\n\n<p><strong>Tarif<\/strong> : 80 euros la journ\u00e9e. Prix libre en conscience lors de notre premi\u00e8re rencontre<\/p>\n\n\n\n<p><strong>Nombre de places limit\u00e9<\/strong> pour un accompagnement personnalis\u00e9.<\/p>\n\n\n\n<p><strong>Possibilit\u00e9 de cr\u00e9er votre propre groupe. <\/strong><strong>Me contacter pour programmer une date.<\/strong><\/p>\n\n\n\n<h3 class=\"wp-block-heading has-text-align-center\"><strong>\ud83d\udc8c <\/strong>Renseignement et inscription<\/h3>\n\n\n\n<p class=\"has-text-align-center\"><strong>T\u00e9l belge&nbsp;:<\/strong> 0032471636186 \u2013 <strong>mail&nbsp;: <\/strong><a href=\"mailto:info@lasagessedufou.com\">info@lasagessedufou.com<\/a> \u2013 <strong>Facebook:<\/strong> <a href=\"https:\/\/www.facebook.com\/lasagessedufou\" target=\"_blank\" rel=\"noreferrer noopener\">La Sagesse du fou<\/a><\/p>\n\n\n\n<p><\/p>\n","protected":false},"excerpt":{"rendered":"<p>L&rsquo;Art du voyage chamanique Le mot chamanisme que j\u2019emploie ici, d\u00e9signe un outil de d\u00e9veloppement personnel. Un chemin spirituel profond, authentique et accessible \u00e0 tous. \u00a0Il nous permet de nous ouvrir de plus en plus aux parties les plus subtiles de notre \u201cr\u00e9alit\u00e9\u201d. Il aiguise notre intuition et notre ressenti. Il nous donne acc\u00e8s \u00e0 [&hellip;]<\/p>\n","protected":false},"author":1,"featured_media":0,"parent":0,"menu_order":0,"comment_status":"closed","ping_status":"closed","template":"","meta":{"footnotes":""},"class_list":["post-37","page","type-page","status-publish","hentry"],"_links":{"self":[{"href":"https:\/\/lasagessedufou.com\/index.php\/wp-json\/wp\/v2\/pages\/37","targetHints":{"allow":["GET"]}}],"collection":[{"href":"https:\/\/lasagessedufou.com\/index.php\/wp-json\/wp\/v2\/pages"}],"about":[{"href":"https:\/\/lasagessedufou.com\/index.php\/wp-json\/wp\/v2\/types\/page"}],"author":[{"embeddable":true,"href":"https:\/\/lasagessedufou.com\/index.php\/wp-json\/wp\/v2\/users\/1"}],"replies":[{"embeddable":true,"href":"https:\/\/lasagessedufou.com\/index.php\/wp-json\/wp\/v2\/comments?post=37"}],"version-history":[{"count":64,"href":"https:\/\/lasagessedufou.com\/index.php\/wp-json\/wp\/v2\/pages\/37\/revisions"}],"predecessor-version":[{"id":1122,"href":"https:\/\/lasagessedufou.com\/index.php\/wp-json\/wp\/v2\/pages\/37\/revisions\/1122"}],"wp:attachment":[{"href":"https:\/\/lasagessedufou.com\/index.php\/wp-json\/wp\/v2\/media?parent=37"}],"curies":[{"name":"wp","href":"https:\/\/api.w.org\/{rel}","templated":true}]}}