{"id":48,"date":"2017-03-29T21:29:18","date_gmt":"2017-03-29T19:29:18","guid":{"rendered":"http:\/\/lasagessedufou.com\/?page_id=48"},"modified":"2025-11-15T18:05:20","modified_gmt":"2025-11-15T17:05:20","slug":"aceuil","status":"publish","type":"page","link":"https:\/\/lasagessedufou.com\/","title":{"rendered":"Sois Bienvenu(e)."},"content":{"rendered":"<p><strong>Nous ne sommes pas un produit fini, nous sommes une terre en expansion, nous devenons sans cesse, sans cesse. Suivons le mouvement, soyons Vivant.<\/strong><\/p>\n<p><span data-offset-key=\"dpfnt-2-0\">Je vous accompagne depuis plus de 15 ans dans vos processus de gu\u00e9rison pour que vous puissiez : <\/span><\/p>\n<p><span data-offset-key=\"dpfnt-2-0\">Vous autoriser \u00e0 \u00eatre vous-m\u00eame,\u00a0 <\/span><span data-offset-key=\"dpfnt-2-0\">\u00e9laguer ce qui vous encombre, <\/span><span data-offset-key=\"dpfnt-2-0\">aimer vos parts d\u2019ombre, <\/span><span data-offset-key=\"dpfnt-2-0\">retrouver votre pouvoir, <\/span><span data-offset-key=\"dpfnt-2-0\">sentir et utiliser votre \u00e9nergie, <\/span><span data-offset-key=\"dpfnt-2-0\">sentir et utiliser l\u2019\u00e9nergie de la terre, <\/span><span data-offset-key=\"dpfnt-2-0\">pratiquer la pleine pr\u00e9sence, <\/span><span data-offset-key=\"dpfnt-2-0\">vous aimer, aimer la mati\u00e8re, <\/span><span data-offset-key=\"dpfnt-2-0\">vous ancrer, <\/span><span data-offset-key=\"dpfnt-2-0\">\u00eatre autonome, <\/span><span data-offset-key=\"dpfnt-2-0\">passer \u00e0 l\u2019action, <\/span><span data-offset-key=\"dpfnt-2-0\">vous ouvrir \u00e0 d\u2019autres consciences de vous-m\u00eame, <\/span><span data-offset-key=\"dpfnt-2-0\">agrandir vos zones de conforts\u2026 <\/span><\/p>\n<p><span data-offset-key=\"dpfnt-2-0\">Mon intention est de vous permettre de relier toutes les facettes de votre r\u00e9alit\u00e9. R\u00e9alit\u00e9 qui bien souvent est identifi\u00e9e seulement \u00e0 notre conscience ordinaire. Et si nous \u00e9tions plus vastes que cela? Et si le pouvoir que nous avons sur cette \u00ab r\u00e9alit\u00e9 \u00bb \u00e9tait plus grand que nos croyances? Et si nous avions d\u2019autres consciences que notre conscience ordinaire?<br \/>\n<\/span><span data-offset-key=\"dpfnt-2-0\">Nos croyances limitatives, nos conditionnements, nos procrastinations, notre h\u00e9ritage culturel familial, transg\u00e9n\u00e9rationnel, karmique, le regard de l\u2019autre, nos peurs de tout et de n\u2019importe quoi, les \u00e9nergies qui ne nous appartiennent pas, nos habitudes dysfonctionnelles, nos besoins de perfection, nos manques de conscience, nos zones de confort fig\u00e9es, nos manques de connexion avec notre monde int\u00e9rieur, nos m\u00e9connaissances des mondes subtils et de celui dans lequel on \u00e9volue, notre manque de pr\u00e9sence \u00e0 l\u2019Instant &#8230; Tout cela nous coupe du potentiel immense que nous sommes. <\/span><\/p>\n<p><strong>Je vous invite ici, \u00e0 nager dans l&rsquo;eau, plut\u00f4t que de vouloir marcher dessus.\u00a0 \u00a0 \u00a0 \u00a0 \u00a0 \u00a0 \u00a0 \u00a0 \u00a0 \u00a0 \u00a0 \u00a0 \u00a0 \u00a0 \u00a0 \u00a0 \u00a0 \u00a0 \u00a0 \u00a0 \u00a0 N<\/strong><strong>\u2019h\u00e9sitez pas, elle est super bonne.<\/strong><\/p>\n<p><span data-offset-key=\"dpfnt-2-0\">En ma qualit\u00e9 d\u2019accompagnateur, je peux vous aider dans ces diff\u00e9rents domaines.<\/span><\/p>\n<p><span data-offset-key=\"dpfnt-2-0\">Avec une approche psycho-\u00e9motionnelle, \u00e9nerg\u00e9tique, chamanique, de pleine pr\u00e9sence, avec mon intuition et mon ressenti, au moyen de diff\u00e9rents outils, <\/span><span data-offset-key=\"dpfnt-2-0\">avec bienveillance, humour, d\u00e9rision et l\u00e9g\u00e8ret\u00e9, sans forcer et en allant toujours un peu plus loin.<\/span><\/p>\n<p><span data-offset-key=\"dpfnt-2-0\">En s\u00e9ance individuelle d\u2019une heure et demie ou d\u2019une journ\u00e9e compl\u00e8te, lors d\u2019ateliers en groupe, ou de voyages initiatiques.<\/span><\/p>\n<p><span data-offset-key=\"dpfnt-2-0\">Je me r\u00e9jouis de vous accompagner.<\/span><\/p>\n<h3>Contact:<\/h3>\n<p style=\"text-align: left;\"><strong>Gsm: <span style=\"color: #000000;\">0471\/636186 \u00a0<\/span><\/strong><\/p>\n<p style=\"text-align: left;\"><strong>Mail: <span style=\"color: #000000;\">info(a)lasagessedufou.com\u00a0<\/span><\/strong><\/p>\n<p style=\"text-align: left;\"><strong>Facebook: <a href=\"https:\/\/www.facebook.com\/lasagessedufou\/\"><span style=\"color: #0000ff;\">La Sagesse du Fou<\/span><\/a><\/strong><\/p>\n","protected":false},"excerpt":{"rendered":"<p>Nous ne sommes pas un produit fini, nous sommes une terre en expansion, nous devenons sans cesse, sans cesse. Suivons le mouvement, soyons Vivant. Je vous accompagne depuis plus de 15 ans dans vos processus de gu\u00e9rison pour que vous puissiez : Vous autoriser \u00e0 \u00eatre vous-m\u00eame,\u00a0 \u00e9laguer ce qui vous encombre, aimer vos parts [&hellip;]<\/p>\n","protected":false},"author":1,"featured_media":0,"parent":0,"menu_order":0,"comment_status":"closed","ping_status":"closed","template":"","meta":{"footnotes":""},"class_list":["post-48","page","type-page","status-publish","hentry"],"_links":{"self":[{"href":"https:\/\/lasagessedufou.com\/index.php\/wp-json\/wp\/v2\/pages\/48","targetHints":{"allow":["GET"]}}],"collection":[{"href":"https:\/\/lasagessedufou.com\/index.php\/wp-json\/wp\/v2\/pages"}],"about":[{"href":"https:\/\/lasagessedufou.com\/index.php\/wp-json\/wp\/v2\/types\/page"}],"author":[{"embeddable":true,"href":"https:\/\/lasagessedufou.com\/index.php\/wp-json\/wp\/v2\/users\/1"}],"replies":[{"embeddable":true,"href":"https:\/\/lasagessedufou.com\/index.php\/wp-json\/wp\/v2\/comments?post=48"}],"version-history":[{"count":49,"href":"https:\/\/lasagessedufou.com\/index.php\/wp-json\/wp\/v2\/pages\/48\/revisions"}],"predecessor-version":[{"id":1003,"href":"https:\/\/lasagessedufou.com\/index.php\/wp-json\/wp\/v2\/pages\/48\/revisions\/1003"}],"wp:attachment":[{"href":"https:\/\/lasagessedufou.com\/index.php\/wp-json\/wp\/v2\/media?parent=48"}],"curies":[{"name":"wp","href":"https:\/\/api.w.org\/{rel}","templated":true}]}}