{"id":599,"date":"2021-02-17T13:45:25","date_gmt":"2021-02-17T12:45:25","guid":{"rendered":"http:\/\/lasagessedufou.com\/?page_id=599"},"modified":"2026-02-03T14:45:11","modified_gmt":"2026-02-03T13:45:11","slug":"harmonisation-des-lieux","status":"publish","type":"page","link":"https:\/\/lasagessedufou.com\/index.php\/harmonisation-des-lieux\/","title":{"rendered":"Harmonisation Globale"},"content":{"rendered":"\n<figure class=\"wp-block-image size-large\"><img loading=\"lazy\" decoding=\"async\" width=\"1024\" height=\"553\" src=\"https:\/\/lasagessedufou.com\/wp-content\/uploads\/2026\/02\/la-spirale-plus-marquee-1024x553.jpg\" alt=\"\" class=\"wp-image-1101\" srcset=\"https:\/\/lasagessedufou.com\/wp-content\/uploads\/2026\/02\/la-spirale-plus-marquee-1024x553.jpg 1024w, https:\/\/lasagessedufou.com\/wp-content\/uploads\/2026\/02\/la-spirale-plus-marquee-300x162.jpg 300w, https:\/\/lasagessedufou.com\/wp-content\/uploads\/2026\/02\/la-spirale-plus-marquee-768x415.jpg 768w, https:\/\/lasagessedufou.com\/wp-content\/uploads\/2026\/02\/la-spirale-plus-marquee.jpg 1392w\" sizes=\"auto, (max-width: 1024px) 100vw, 1024px\" \/><\/figure>\n\n\n\n<p class=\"has-text-align-center\"><strong><strong>\ud83c\udf3f R\u00e9\u00e9quilibrer les Lieux et les \u00catres en Synergie \ud83c\udf3f<\/strong><\/strong><\/p>\n\n\n\n<hr class=\"wp-block-separator has-alpha-channel-opacity\"\/>\n\n\n\n<p><strong>L\u2019harmonie na\u00eet de l\u2019\u00e9quilibre<\/strong> \u2013 entre nous et notre environnement, entre notre int\u00e9rieur et le monde qui nous entoure.<\/p>\n\n\n\n<p><strong>Tout est li\u00e9.<\/strong> Un lieu porte les \u00e9nergies de ceux qui l\u2019habitent, et nos propres \u00e9nergies sont influenc\u00e9es par les espaces que nous fr\u00e9quentons. Parfois, <strong>lieux et personnes s\u2019appellent mutuellement<\/strong> pour un r\u00e9\u00e9quilibrage : m\u00e9moires lourdes, blocages \u00e9motionnels, ou simplement un besoin de <strong>fluidit\u00e9 retrouv\u00e9e<\/strong>.<\/p>\n\n\n\n<p>Je te propose une <strong>approche unique<\/strong> : <strong>harmoniser simultan\u00e9ment le lieu et les personnes qui l\u2019occupent<\/strong>, pour cr\u00e9er une <strong>synergie apaisante<\/strong> et restaurer l\u2019\u00e9quilibre global.<\/p>\n\n\n\n<hr class=\"wp-block-separator has-alpha-channel-opacity\"\/>\n\n\n\n<h3 class=\"wp-block-heading\"><strong>\ud83c\udf1f Ce que je te propose<\/strong><\/h3>\n\n\n\n<p>Avec <strong>40 ans d\u2019exp\u00e9rience en conscience \u00e9nerg\u00e9tique<\/strong>, je t\u2019accompagne pour :<\/p>\n\n\n\n<ul class=\"wp-block-list\">\n<li><strong>Harmoniser le lieu<\/strong> : Lib\u00e9rer les m\u00e9moires stagnantes, r\u00e9\u00e9quilibrer les \u00e9nergies, et <strong>cr\u00e9er un espace s\u00e9curis\u00e9 et inspirant<\/strong>.<\/li>\n\n\n\n<li><strong>Harmoniser les personnes<\/strong> : Dissoudre les blocages \u00e9motionnels, <strong>retrouver l\u2019\u00e9quilibre int\u00e9rieur<\/strong>, et se reconnecter \u00e0 sa lumi\u00e8re.<\/li>\n\n\n\n<li><strong>Cr\u00e9er une synergie<\/strong> entre le lieu et ses occupants, pour que chacun\u00b7e puisse <strong>s\u2019\u00e9panouir en harmonie<\/strong>.<\/li>\n<\/ul>\n\n\n\n<p><strong>Mon intention<\/strong> : T\u2019offrir un <strong>cadre apais\u00e9<\/strong>, o\u00f9 <strong>lieu et personnes<\/strong> vibrent en coh\u00e9rence, pour plus de <strong>paix, de cr\u00e9ativit\u00e9 et de vitalit\u00e9<\/strong>.<\/p>\n\n\n\n<hr class=\"wp-block-separator has-alpha-channel-opacity\"\/>\n\n\n\n<h3 class=\"wp-block-heading\"><strong>\ud83c\udf31 Comment \u00e7a se passe ?<\/strong><\/h3>\n\n\n\n<p><strong>Une s\u00e9ance en 3 temps, pour le lieu ET les personnes :<\/strong><\/p>\n\n\n\n<ol class=\"wp-block-list\">\n<li><strong>Diagnostic global<\/strong>\n<ul class=\"wp-block-list\">\n<li><strong>\u00c9valuation des \u00e9nergies<\/strong> du lieu et des personnes (en pr\u00e9sentiel).<\/li>\n\n\n\n<li><strong>\u00c9coute<\/strong> des ressentis, des m\u00e9moires, et des d\u00e9s\u00e9quilibres.<\/li>\n<\/ul>\n<\/li>\n\n\n\n<li><strong>Nettoyage et Lib\u00e9ration<\/strong>\n<ul class=\"wp-block-list\">\n<li><strong>Purification du lieu<\/strong> (fumigation, sons, rituels chamaniques).<\/li>\n\n\n\n<li><strong>Lib\u00e9ration des blocages \u00e9motionnels<\/strong> pour les personnes (m\u00e9ditations, visualisations, travail \u00e9nerg\u00e9tique).<\/li>\n\n\n\n<li><strong>Travail en synergie<\/strong> : Le lieu et ses occupants sont trait\u00e9s comme un <strong>syst\u00e8me unifi\u00e9<\/strong>.<\/li>\n<\/ul>\n<\/li>\n\n\n\n<li><strong>R\u00e9activation et Int\u00e9gration<\/strong>\n<ul class=\"wp-block-list\">\n<li><strong>R\u00e9\u00e9quilibrage des flux \u00e9nerg\u00e9tiques<\/strong> du lieu (cristaux, symboles, rituels).<\/li>\n\n\n\n<li><strong>Ancrage et clart\u00e9<\/strong> pour les personnes (outils de recentrage et de connexion \u00e0 l\u2019essentiel).<\/li>\n\n\n\n<li><strong>Conseils personnalis\u00e9s<\/strong> pour maintenir cette harmonie au quotidien.<\/li>\n<\/ul>\n<\/li>\n<\/ol>\n\n\n\n<p><strong>Dur\u00e9e<\/strong> : 2 \u00e0 3 heures (selon la taille du lieu et le nombre de participants). <strong>\u00c0 pr\u00e9voir<\/strong> : Un espace accessible, et l\u2019envie de <strong>se reconnecter<\/strong> \u2013 au lieu et \u00e0 soi-m\u00eame.<\/p>\n\n\n\n<hr class=\"wp-block-separator has-alpha-channel-opacity\"\/>\n\n\n\n<h3 class=\"wp-block-heading\"><strong>\ud83d\udcab Pourquoi choisir cette approche ?<\/strong><\/h3>\n\n\n\n<p>\u2705 <strong>Lib\u00e8re les \u00e9nergies stagnantes<\/strong> (stress, conflits, m\u00e9moires pass\u00e9es) <strong>\u00e0 la fois dans le lieu et en toi<\/strong>. \u2705 <strong>Cr\u00e9e une synergie harmonieuse<\/strong> entre ton espace et ton \u00eatre. \u2705 <strong>Retrouve fluidit\u00e9, s\u00e9r\u00e9nit\u00e9 et inspiration<\/strong> dans ton quotidien. \u2705 <strong>Re\u00e7ois des outils concrets<\/strong> pour pr\u00e9server cet \u00e9quilibre.<strong>nce int\u00e9rieure apais\u00e9e<\/strong>.<\/p>\n\n\n\n<hr class=\"wp-block-separator has-alpha-channel-opacity\"\/>\n\n\n\n<p class=\"has-text-align-center\"><strong>Tarif.<\/strong><\/p>\n\n\n\n<p class=\"has-text-align-center\"><strong>\ud83c\udf3f Harmonisation des Lieux &amp; des \u00catres : Un Accompagnement Sur-Mesure \ud83c\udf3f<\/strong><\/p>\n\n\n\n<hr class=\"wp-block-separator has-alpha-channel-opacity\"\/>\n\n\n\n<p><strong>Chaque lieu, chaque personne, chaque situation est unique.<\/strong> Une petite maison peut parfois demander plus de travail qu\u2019un grand espace, car les \u00e9nergies ne se mesurent pas en m\u00e8tres carr\u00e9s, mais en <strong>m\u00e9moires<\/strong>, en <strong>\u00e9motions<\/strong>, et en <strong>d\u00e9s\u00e9quilibres subtils<\/strong> \u00e0 lib\u00e9rer.<\/p>\n\n\n\n<p><strong>Mon approche n\u2019est pas standardis\u00e9e<\/strong> : elle s\u2019adapte \u00e0 ce qui \u00e9merge, \u00e0 ce que le lieu et les personnes r\u00e9v\u00e8lent. C\u2019est un <strong>travail d\u2019\u00e9coute<\/strong>, de <strong>pr\u00e9sence<\/strong>, et de <strong>transformation<\/strong> \u2013 avant, pendant, et apr\u00e8s mon intervention.<\/p>\n\n\n\n<hr class=\"wp-block-separator has-alpha-channel-opacity\"\/>\n\n\n\n<h3 class=\"wp-block-heading has-text-align-center\"><strong>\ud83c\udf1f Une Tarification Juste et Transparente<\/strong><\/h3>\n\n\n\n<p>Je ne mets pas de prix sur <strong>mes connaissances<\/strong>, <strong>mes comp\u00e9tences<\/strong>, ou <strong>mes techniques<\/strong>. Ce que je te propose, c\u2019est un <strong>accompagnement humain et \u00e9nerg\u00e9tique<\/strong>, o\u00f9 le tarif refl\u00e8te simplement <strong>le temps que je consacre \u00e0 te soutenir<\/strong> :<\/p>\n\n\n\n<ul class=\"wp-block-list\">\n<li><strong>Le temps pass\u00e9 sur place<\/strong> : pour diagnostiquer, harmoniser, et ancrer les changements.<\/li>\n\n\n\n<li><strong>Le travail en amont<\/strong> : pr\u00e9paration, \u00e9coute de tes besoins, et connexion au lieu.<\/li>\n\n\n\n<li><strong>Le suivi apr\u00e8s l\u2019intervention<\/strong> : pour m\u2019assurer que l\u2019harmonie s\u2019installe durablement.<\/li>\n<\/ul>\n\n\n\n<p class=\"has-text-align-center\"><strong>Ainsi, je te demande une contribution pour mon temps et mon engagement<\/strong>, et non pour une \u00ab\u00a0prestation\u00a0\u00bb fig\u00e9e.<\/p>\n\n\n\n<p><strong>Prix pour une journ\u00e9e<\/strong>&nbsp;+\/- 6h : 250\u20ac + d\u00e9placement<\/p>\n\n\n\n<p><strong>Prix \u00e0 l\u2019heure<\/strong> 60\u20ac + d\u00e9placement.<\/p>\n\n\n\n<h3 class=\"wp-block-heading has-text-align-center\"><strong>\ud83d\udc8c <\/strong>Renseignement et contact<\/h3>\n\n\n\n<p class=\"has-text-align-center\"> <strong>T\u00e9l belge&nbsp;:<\/strong> 0032471636186 \u2013 <strong>mail&nbsp;: <\/strong><a href=\"mailto:info@lasagessedufou.com\">info@lasagessedufou.com<\/a> \u2013 <strong>Facebook:<\/strong> <a href=\"https:\/\/www.facebook.com\/lasagessedufou\" target=\"_blank\" rel=\"noreferrer noopener\">La Sagesse du fou<\/a><\/p>\n\n\n\n<p><\/p>\n","protected":false},"excerpt":{"rendered":"<p>\ud83c\udf3f R\u00e9\u00e9quilibrer les Lieux et les \u00catres en Synergie \ud83c\udf3f L\u2019harmonie na\u00eet de l\u2019\u00e9quilibre \u2013 entre nous et notre environnement, entre notre int\u00e9rieur et le monde qui nous entoure. Tout est li\u00e9. Un lieu porte les \u00e9nergies de ceux qui l\u2019habitent, et nos propres \u00e9nergies sont influenc\u00e9es par les espaces que nous fr\u00e9quentons. Parfois, lieux [&hellip;]<\/p>\n","protected":false},"author":1,"featured_media":0,"parent":0,"menu_order":0,"comment_status":"closed","ping_status":"closed","template":"","meta":{"footnotes":""},"class_list":["post-599","page","type-page","status-publish","hentry"],"_links":{"self":[{"href":"https:\/\/lasagessedufou.com\/index.php\/wp-json\/wp\/v2\/pages\/599","targetHints":{"allow":["GET"]}}],"collection":[{"href":"https:\/\/lasagessedufou.com\/index.php\/wp-json\/wp\/v2\/pages"}],"about":[{"href":"https:\/\/lasagessedufou.com\/index.php\/wp-json\/wp\/v2\/types\/page"}],"author":[{"embeddable":true,"href":"https:\/\/lasagessedufou.com\/index.php\/wp-json\/wp\/v2\/users\/1"}],"replies":[{"embeddable":true,"href":"https:\/\/lasagessedufou.com\/index.php\/wp-json\/wp\/v2\/comments?post=599"}],"version-history":[{"count":11,"href":"https:\/\/lasagessedufou.com\/index.php\/wp-json\/wp\/v2\/pages\/599\/revisions"}],"predecessor-version":[{"id":1102,"href":"https:\/\/lasagessedufou.com\/index.php\/wp-json\/wp\/v2\/pages\/599\/revisions\/1102"}],"wp:attachment":[{"href":"https:\/\/lasagessedufou.com\/index.php\/wp-json\/wp\/v2\/media?parent=599"}],"curies":[{"name":"wp","href":"https:\/\/api.w.org\/{rel}","templated":true}]}}