{"id":662,"date":"2021-11-04T11:16:21","date_gmt":"2021-11-04T10:16:21","guid":{"rendered":"http:\/\/lasagessedufou.com\/?page_id=662"},"modified":"2026-02-03T13:06:27","modified_gmt":"2026-02-03T12:06:27","slug":"lesprit-du-tambour","status":"publish","type":"page","link":"https:\/\/lasagessedufou.com\/index.php\/lesprit-du-tambour\/","title":{"rendered":"La Voie du Tambour"},"content":{"rendered":"\n<figure class=\"wp-block-image size-large\"><img loading=\"lazy\" decoding=\"async\" width=\"1024\" height=\"768\" src=\"https:\/\/lasagessedufou.com\/wp-content\/uploads\/2021\/11\/20210517_160308-1024x768.jpg\" alt=\"\" class=\"wp-image-663\" srcset=\"https:\/\/lasagessedufou.com\/wp-content\/uploads\/2021\/11\/20210517_160308-1024x768.jpg 1024w, https:\/\/lasagessedufou.com\/wp-content\/uploads\/2021\/11\/20210517_160308-300x225.jpg 300w, https:\/\/lasagessedufou.com\/wp-content\/uploads\/2021\/11\/20210517_160308-768x576.jpg 768w, https:\/\/lasagessedufou.com\/wp-content\/uploads\/2021\/11\/20210517_160308-1536x1152.jpg 1536w, https:\/\/lasagessedufou.com\/wp-content\/uploads\/2021\/11\/20210517_160308-2048x1536.jpg 2048w\" sizes=\"auto, (max-width: 1024px) 100vw, 1024px\" \/><\/figure>\n\n\n\n<p class=\"has-text-align-center\"><strong>\ud83c\udf3f Cr\u00e9er Ton Tambour Chamanique : Un Chemin Initiatique\ud83c\udf3f<\/strong><\/p>\n\n\n\n<p><strong>Bien plus qu\u2019un tambour, une exp\u00e9rience transformative.<\/strong> Fabriquer ton propre tambour chamanique est un <strong>voyage initiatique<\/strong>, une <strong>alchimie<\/strong> qui demande <strong>conscience, pr\u00e9sence et temps<\/strong>. Chaque \u00e9tape est une <strong>rencontre<\/strong> \u2013 avec toi-m\u00eame, avec les esprits de la nature, et avec l\u2019\u00e2me de ton futur alli\u00e9.<\/p>\n\n\n\n<p><\/p>\n\n\n\n<h3 class=\"wp-block-heading has-text-align-center\"><strong>\ud83c\udf1f Le Processus de Cr\u00e9ation<\/strong><\/h3>\n\n\n\n<p><strong>Un accompagnement en plusieurs \u00e9tapes, rythm\u00e9es par la nature et ton intention :<\/strong><\/p>\n\n\n\n<ol class=\"wp-block-list\">\n<li><strong>Mise en gestation (1\u00e8re s\u00e9ance, \u00b12h)<\/strong>\n<ul class=\"wp-block-list\">\n<li>Clarification de <strong>tes intentions<\/strong> pour ce tambour.<\/li>\n\n\n\n<li><strong>Voyage chamanique<\/strong> pour rencontrer l\u2019esprit de ton tambour ou travailler une intention profonde.<\/li>\n\n\n\n<li>Choix de la <strong>taille<\/strong>, de la <strong>peau<\/strong>, et du <strong>cordage<\/strong>.<\/li>\n<\/ul>\n<\/li>\n\n\n\n<li><strong>Rencontre avec l\u2019esprit de l\u2019Arbre (2\u00e8me s\u00e9ance, 3-5h)<\/strong>\n<ul class=\"wp-block-list\">\n<li><strong>Connexion<\/strong> avec un arbre pour qu\u2019il t\u2019offre son bois (cadre du tambour).<\/li>\n\n\n\n<li><strong>Fa\u00e7onnage<\/strong> du bois : pliage et mise en forme.<\/li>\n\n\n\n<li><strong>Temps de s\u00e9chage<\/strong> (minimum 1 mois) pour que le bois prenne sa forme d\u00e9finitive.<\/li>\n<\/ul>\n<\/li>\n\n\n\n<li><strong>Assemblage et Pr\u00e9paration (3\u00e8me s\u00e9ance, 3-5h)<\/strong>\n<ul class=\"wp-block-list\">\n<li><strong>Fixation d\u00e9finitive<\/strong> du cadre.<\/li>\n\n\n\n<li><strong>Pr\u00e9paration du bois<\/strong> pour recevoir la peau.<\/li>\n\n\n\n<li><strong>Pr\u00e9paration de la peau<\/strong> (hors \u00e9quarrissage).<\/li>\n\n\n\n<li><strong>Traitement du tambour<\/strong> (3 applications \u00e0 faire chez toi entre les s\u00e9ances).<\/li>\n<\/ul>\n<\/li>\n\n\n\n<li><strong>Pose de la Peau et Finitions (4\u00e8me s\u00e9ance, 3-5h)<\/strong>\n<ul class=\"wp-block-list\">\n<li><strong>Pose de la peau<\/strong> et installation du cordage.<\/li>\n\n\n\n<li><strong>Tension de la peau<\/strong> pour un son juste.<\/li>\n\n\n\n<li><strong>Temps de s\u00e9chage final<\/strong> pour achever la gestation.<\/li>\n<\/ul>\n<\/li>\n<\/ol>\n\n\n\n<p><strong>Options suppl\u00e9mentaires :<\/strong><\/p>\n\n\n\n<ul class=\"wp-block-list\">\n<li><strong>Cr\u00e9ation de la mailloche<\/strong>.<\/li>\n\n\n\n<li><strong>D\u00e9coration personnalis\u00e9e<\/strong> de ton tambour.<\/li>\n<\/ul>\n\n\n\n<p><\/p>\n\n\n\n<h3 class=\"wp-block-heading has-text-align-center\"><strong>\ud83c\udf33 Une Cr\u00e9ation en Conscience<\/strong><\/h3>\n\n\n\n<p>Pendant ce processus, nous aborderons :<\/p>\n\n\n\n<ul class=\"wp-block-list\">\n<li><strong>La notion de cadre<\/strong> (structure et limites).<\/li>\n\n\n\n<li><strong>La souverainet\u00e9<\/strong> et le <strong>pouvoir personnel<\/strong>.<\/li>\n\n\n\n<li><strong>L\u2019\u00a0\u00bb\u00catret\u00e9e\u00a0\u00bb<\/strong> (l\u2019art d\u2019\u00eatre pleinement soi).<\/li>\n\n\n\n<li><strong>La connexion aux esprits<\/strong> et au vivant.<\/li>\n<\/ul>\n\n\n\n<p>Ton tambour deviendra un <strong>objet de pouvoir<\/strong>, charg\u00e9 de ta <strong>conscience<\/strong> et de ta <strong>pr\u00e9sence<\/strong> \u2013 un <strong>alli\u00e9 pr\u00e9cieux<\/strong> sur ton chemin.<\/p>\n\n\n\n<p><\/p>\n\n\n\n<h3 class=\"wp-block-heading has-text-align-center\"><strong>\ud83c\udf31 Respect des Cycles Naturels<\/strong><\/h3>\n\n\n\n<p>Par respect pour les arbres qui offrent leur bois, <strong>la premi\u00e8re s\u00e9ance de fabrication ne peut avoir lieu que pendant leur p\u00e9riode de dormance<\/strong> : <strong>de d\u00e9but novembre \u00e0 fin f\u00e9vrier<\/strong>.<\/p>\n\n\n\n<p><\/p>\n\n\n\n<h3 class=\"wp-block-heading has-text-align-center\"><strong>\ud83d\udcb0 Tarifs<\/strong><\/h3>\n\n\n\n<p><strong>Le prix demand\u00e9 couvre mon temps et mon accompagnement :<\/strong><\/p>\n\n\n\n<ul class=\"wp-block-list\">\n<li><strong>1\u00e8re s\u00e9ance (mise en gestation)<\/strong> : <strong>80 \u20ac<\/strong> (\u00b12h).<\/li>\n\n\n\n<li><strong>3 s\u00e9ances suivantes (fabrication)<\/strong> : <strong>120 \u20ac<\/strong> chacune (3 \u00e0 5h selon le travail).<\/li>\n\n\n\n<li><strong>S\u00e9ances suppl\u00e9mentaires<\/strong> (si besoin) : <strong>80 \u20ac<\/strong> chacune.<\/li>\n<\/ul>\n\n\n\n<p><strong>Paiement s\u00e9par\u00e9 \u00e0 chaque s\u00e9ance.<\/strong><\/p>\n\n\n\n<p><strong>\u00c0 pr\u00e9voir en plus :<\/strong><\/p>\n\n\n\n<ul class=\"wp-block-list\">\n<li><strong>Prix de la peau et du cordage<\/strong> (variable selon la taille et le type) :\n<ul class=\"wp-block-list\">\n<li><strong>Minimum 60 \u20ac<\/strong> (peau de ch\u00e8vre et cordage).<\/li>\n\n\n\n<li><strong>Jusqu\u2019\u00e0 120 \u20ac<\/strong> pour un grand tambour en peau de bison. <em>(Tu peux apporter ta propre peau et tes cordages si tu en as.)<\/em><\/li>\n<\/ul>\n<\/li>\n<\/ul>\n\n\n\n<p class=\"has-text-align-center\"><strong>\ud83d\udc8c Renseignement et inscription<\/strong><\/p>\n\n\n\n<p class=\"has-text-align-center\"><strong>T\u00e9l belge&nbsp;:<\/strong> 0032471636186 \u2013 <strong>mail&nbsp;: <\/strong><a href=\"mailto:info@lasagessedufou.com\">info@lasagessedufou.com<\/a> \u2013 <strong>Facebook:<\/strong> <a href=\"https:\/\/www.facebook.com\/lasagessedufou\" target=\"_blank\" rel=\"noreferrer noopener\">La Sagesse du fou<\/a><\/p>\n\n\n\n<p><\/p>\n","protected":false},"excerpt":{"rendered":"<p>\ud83c\udf3f Cr\u00e9er Ton Tambour Chamanique : Un Chemin Initiatique\ud83c\udf3f Bien plus qu\u2019un tambour, une exp\u00e9rience transformative. Fabriquer ton propre tambour chamanique est un voyage initiatique, une alchimie qui demande conscience, pr\u00e9sence et temps. Chaque \u00e9tape est une rencontre \u2013 avec toi-m\u00eame, avec les esprits de la nature, et avec l\u2019\u00e2me de ton futur alli\u00e9. \ud83c\udf1f [&hellip;]<\/p>\n","protected":false},"author":1,"featured_media":0,"parent":0,"menu_order":0,"comment_status":"closed","ping_status":"closed","template":"","meta":{"footnotes":""},"class_list":["post-662","page","type-page","status-publish","hentry"],"_links":{"self":[{"href":"https:\/\/lasagessedufou.com\/index.php\/wp-json\/wp\/v2\/pages\/662","targetHints":{"allow":["GET"]}}],"collection":[{"href":"https:\/\/lasagessedufou.com\/index.php\/wp-json\/wp\/v2\/pages"}],"about":[{"href":"https:\/\/lasagessedufou.com\/index.php\/wp-json\/wp\/v2\/types\/page"}],"author":[{"embeddable":true,"href":"https:\/\/lasagessedufou.com\/index.php\/wp-json\/wp\/v2\/users\/1"}],"replies":[{"embeddable":true,"href":"https:\/\/lasagessedufou.com\/index.php\/wp-json\/wp\/v2\/comments?post=662"}],"version-history":[{"count":9,"href":"https:\/\/lasagessedufou.com\/index.php\/wp-json\/wp\/v2\/pages\/662\/revisions"}],"predecessor-version":[{"id":1098,"href":"https:\/\/lasagessedufou.com\/index.php\/wp-json\/wp\/v2\/pages\/662\/revisions\/1098"}],"wp:attachment":[{"href":"https:\/\/lasagessedufou.com\/index.php\/wp-json\/wp\/v2\/media?parent=662"}],"curies":[{"name":"wp","href":"https:\/\/api.w.org\/{rel}","templated":true}]}}