{"id":756,"date":"2023-10-23T13:32:52","date_gmt":"2023-10-23T11:32:52","guid":{"rendered":"http:\/\/lasagessedufou.com\/?page_id=756"},"modified":"2026-02-03T12:35:33","modified_gmt":"2026-02-03T11:35:33","slug":"accompagnement","status":"publish","type":"page","link":"https:\/\/lasagessedufou.com\/index.php\/accompagnement\/","title":{"rendered":"En chemin vers Soi"},"content":{"rendered":"\n<figure class=\"wp-block-image size-large\"><img loading=\"lazy\" decoding=\"async\" width=\"1024\" height=\"628\" src=\"https:\/\/lasagessedufou.com\/wp-content\/uploads\/2023\/10\/sunset-1807524_1280-1-1024x628.jpg\" alt=\"\" class=\"wp-image-775\" srcset=\"https:\/\/lasagessedufou.com\/wp-content\/uploads\/2023\/10\/sunset-1807524_1280-1-1024x628.jpg 1024w, https:\/\/lasagessedufou.com\/wp-content\/uploads\/2023\/10\/sunset-1807524_1280-1-300x184.jpg 300w, https:\/\/lasagessedufou.com\/wp-content\/uploads\/2023\/10\/sunset-1807524_1280-1-768x471.jpg 768w, https:\/\/lasagessedufou.com\/wp-content\/uploads\/2023\/10\/sunset-1807524_1280-1.jpg 1280w\" sizes=\"auto, (max-width: 1024px) 100vw, 1024px\" \/><\/figure>\n\n\n\n<p class=\"has-text-align-center\"><strong>\ud83c\udf3f Accompagnement en Conscience de Soi : Un Chemin Vers Ton Essence \ud83c\udf3f<\/strong><\/p>\n\n\n\n<hr class=\"wp-block-separator has-alpha-channel-opacity\"\/>\n\n\n\n<p><strong>La connaissance de Soi est un voyage sans fin.<\/strong> Nous \u00e9voluons sans cesse, mais il n\u2019est pas toujours facile de comprendre ce qui se joue en nous. Pris dans le quotidien, nos croyances, nos peurs, nos d\u00e9sirs et nos conditionnements, nous oublions parfois le <strong>pouvoir que nous avons pour transformer notre vie<\/strong>.<\/p>\n\n\n\n<p class=\"has-text-align-left\"><strong>La conscience de Soi est la premi\u00e8re \u00e9tape du changement.<\/strong> En prenant conscience de nos sch\u00e9mas, de nos \u00e9motions et de nos forces, nous ouvrons la porte \u00e0 une r\u00e9alit\u00e9 plus align\u00e9e. Nous nous reconnectons \u00e0 cette partie profonde de nous que l\u2019on appelle <strong>l\u2019\u00c2me<\/strong>.<\/p>\n\n\n\n<p><\/p>\n\n\n\n<h3 class=\"wp-block-heading has-text-align-center\"><strong>\ud83c\udf1f Mon Accompagnement<\/strong><\/h3>\n\n\n\n<p>Fort de <strong>40 ans de pratique en conscience de Soi<\/strong> et de <strong>15 ans d\u2019accompagnement<\/strong>, mon intention est de te guider sur ce chemin avec des <strong>outils de r\u00e9silience et d\u2019autonomie<\/strong>. Ensemble, nous explorerons :<\/p>\n\n\n\n<ul class=\"wp-block-list\">\n<li><strong>Mettre des mots sur tes \u00e9motions<\/strong> et \u00e9clairer tes zones d\u2019ombre.<\/li>\n\n\n\n<li><strong>Prendre conscience de tes sch\u00e9mas<\/strong> et de tes corps de souffrance.<\/li>\n\n\n\n<li><strong>Clarifier tes d\u00e9sirs profonds<\/strong> et te mettre en action.<\/li>\n\n\n\n<li><strong>Identifier tes talents et tes forces<\/strong> pour rayonner pleinement.<\/li>\n\n\n\n<li><\/li>\n<\/ul>\n\n\n\n<h3 class=\"wp-block-heading has-text-align-center\"><strong>\ud83c\udf31 Deux Formules pour T\u2019Accompagner<\/strong><\/h3>\n\n\n\n<h4 class=\"wp-block-heading\"><strong>1. S\u00e9ance <\/strong>de 2 heures (90\u20ac)<\/h4>\n\n\n\n<p>Un rendez-vous pour aborder <strong>un sujet pr\u00e9cis<\/strong> parmi ceux mentionn\u00e9s ci-dessus. Je t\u2019accompagnerai dans ton processus de r\u00e9solution, en partageant :<\/p>\n\n\n\n<ul class=\"wp-block-list\">\n<li>Mon intuition et mon ressenti.<\/li>\n\n\n\n<li>De nouvelles pistes et des outils concrets.<\/li>\n<\/ul>\n\n\n\n<h4 class=\"wp-block-heading\">2. Accompagnement Profond sur 3 mois  <strong>(prix en fonction du temps que nous passons ensemble)<\/strong><\/h4>\n\n\n\n<p>Un parcours pour <strong>alchimiser plusieurs sujets<\/strong> et installer une <strong>posture int\u00e9rieure solide<\/strong>. Pendant trois mois, nous travaillerons \u00e0 :<\/p>\n\n\n\n<ul class=\"wp-block-list\">\n<li><strong>Ancrer de nouvelles habitudes<\/strong> de fonctionnement.<\/li>\n\n\n\n<li><strong>D\u00e9velopper ton autonomie et ta r\u00e9silience<\/strong>.<\/li>\n\n\n\n<li><strong>Te partager des outils et des cl\u00e9s<\/strong> pour continuer ton chemin en confiance.<\/li>\n<\/ul>\n\n\n\n<p><strong>Tous les sujets peuvent \u00eatre abord\u00e9s<\/strong> \u2013 c\u2019est un chemin <strong>vers toi-m\u00eame<\/strong>.<\/p>\n\n\n\n<p><\/p>\n\n\n\n<h3 class=\"wp-block-heading has-text-align-center\"><strong>\ud83d\udcab Oses \u00catre Qui Tu Es<\/strong><\/h3>\n\n\n\n<p>Ce chemin est une invitation \u00e0 <strong>te reconnecter \u00e0 ton essence<\/strong>, \u00e0 <strong>prendre ta place<\/strong> et \u00e0 <strong>rayonner pleinement<\/strong>.<\/p>\n\n\n\n<p><strong>Pr\u00eat\u00b7e \u00e0 commencer ?<\/strong> \ud83d\udce9 <strong>Contacte-moi<\/strong> pour \u00e9changer ou r\u00e9server ta s\u00e9ance : [Ton email \/ t\u00e9l\u00e9phone \/ site web]\n\n\n\n<p><\/p>\n\n\n\n<h3 class=\"wp-block-heading has-text-align-center\"><strong>\ud83d\udc8c <\/strong>Renseignement et inscription<\/h3>\n\n\n\n<p class=\"has-text-align-center\"> <strong>T\u00e9l belge&nbsp;:<\/strong> 0032471636186 \u2013 <strong>mail&nbsp;: <\/strong><a href=\"mailto:info@lasagessedufou.com\">info@lasagessedufou.com<\/a> \u2013 <strong>Facebook:<\/strong> <a href=\"https:\/\/www.facebook.com\/lasagessedufou\" target=\"_blank\" rel=\"noreferrer noopener\">La Sagesse du fou<\/a><\/p>\n\n\n\n<p><\/p>\n","protected":false},"excerpt":{"rendered":"<p>\ud83c\udf3f Accompagnement en Conscience de Soi : Un Chemin Vers Ton Essence \ud83c\udf3f La connaissance de Soi est un voyage sans fin. Nous \u00e9voluons sans cesse, mais il n\u2019est pas toujours facile de comprendre ce qui se joue en nous. Pris dans le quotidien, nos croyances, nos peurs, nos d\u00e9sirs et nos conditionnements, nous oublions [&hellip;]<\/p>\n","protected":false},"author":1,"featured_media":0,"parent":0,"menu_order":0,"comment_status":"closed","ping_status":"closed","template":"","meta":{"footnotes":""},"class_list":["post-756","page","type-page","status-publish","hentry"],"_links":{"self":[{"href":"https:\/\/lasagessedufou.com\/index.php\/wp-json\/wp\/v2\/pages\/756","targetHints":{"allow":["GET"]}}],"collection":[{"href":"https:\/\/lasagessedufou.com\/index.php\/wp-json\/wp\/v2\/pages"}],"about":[{"href":"https:\/\/lasagessedufou.com\/index.php\/wp-json\/wp\/v2\/types\/page"}],"author":[{"embeddable":true,"href":"https:\/\/lasagessedufou.com\/index.php\/wp-json\/wp\/v2\/users\/1"}],"replies":[{"embeddable":true,"href":"https:\/\/lasagessedufou.com\/index.php\/wp-json\/wp\/v2\/comments?post=756"}],"version-history":[{"count":20,"href":"https:\/\/lasagessedufou.com\/index.php\/wp-json\/wp\/v2\/pages\/756\/revisions"}],"predecessor-version":[{"id":1088,"href":"https:\/\/lasagessedufou.com\/index.php\/wp-json\/wp\/v2\/pages\/756\/revisions\/1088"}],"wp:attachment":[{"href":"https:\/\/lasagessedufou.com\/index.php\/wp-json\/wp\/v2\/media?parent=756"}],"curies":[{"name":"wp","href":"https:\/\/api.w.org\/{rel}","templated":true}]}}