{"id":976,"date":"2025-11-18T14:35:47","date_gmt":"2025-11-18T13:35:47","guid":{"rendered":"https:\/\/lasagessedufou.com\/?page_id=976"},"modified":"2026-01-31T21:07:05","modified_gmt":"2026-01-31T20:07:05","slug":"qui-suis-je","status":"publish","type":"page","link":"https:\/\/lasagessedufou.com\/index.php\/qui-suis-je\/","title":{"rendered":"Qui suis-je?"},"content":{"rendered":"\n<figure class=\"wp-block-gallery has-nested-images columns-default is-cropped wp-block-gallery-1 is-layout-flex wp-block-gallery-is-layout-flex\">\n<figure class=\"wp-block-image size-large is-resized is-style-default\"><img loading=\"lazy\" decoding=\"async\" width=\"767\" height=\"1024\" data-id=\"1052\" src=\"https:\/\/lasagessedufou.com\/wp-content\/uploads\/2026\/01\/WhatsApp-Image-2025-12-31-at-19.31.02-767x1024.jpeg\" alt=\"\" class=\"wp-image-1052\" style=\"width:193px;height:auto\" srcset=\"https:\/\/lasagessedufou.com\/wp-content\/uploads\/2026\/01\/WhatsApp-Image-2025-12-31-at-19.31.02-767x1024.jpeg 767w, https:\/\/lasagessedufou.com\/wp-content\/uploads\/2026\/01\/WhatsApp-Image-2025-12-31-at-19.31.02-225x300.jpeg 225w, https:\/\/lasagessedufou.com\/wp-content\/uploads\/2026\/01\/WhatsApp-Image-2025-12-31-at-19.31.02-768x1025.jpeg 768w, https:\/\/lasagessedufou.com\/wp-content\/uploads\/2026\/01\/WhatsApp-Image-2025-12-31-at-19.31.02-1151x1536.jpeg 1151w, https:\/\/lasagessedufou.com\/wp-content\/uploads\/2026\/01\/WhatsApp-Image-2025-12-31-at-19.31.02.jpeg 1199w\" sizes=\"auto, (max-width: 767px) 100vw, 767px\" \/><\/figure>\n\n\n\n<figure class=\"wp-block-image size-large\"><img loading=\"lazy\" decoding=\"async\" width=\"1024\" height=\"683\" data-id=\"1056\" src=\"https:\/\/lasagessedufou.com\/wp-content\/uploads\/2026\/01\/DSCF7633-1024x683.jpg\" alt=\"\" class=\"wp-image-1056\" srcset=\"https:\/\/lasagessedufou.com\/wp-content\/uploads\/2026\/01\/DSCF7633-1024x683.jpg 1024w, https:\/\/lasagessedufou.com\/wp-content\/uploads\/2026\/01\/DSCF7633-300x200.jpg 300w, https:\/\/lasagessedufou.com\/wp-content\/uploads\/2026\/01\/DSCF7633-768x512.jpg 768w, https:\/\/lasagessedufou.com\/wp-content\/uploads\/2026\/01\/DSCF7633-1536x1024.jpg 1536w\" sizes=\"auto, (max-width: 1024px) 100vw, 1024px\" \/><\/figure>\n\n\n\n<figure class=\"wp-block-image size-large\"><img loading=\"lazy\" decoding=\"async\" width=\"1024\" height=\"683\" data-id=\"1055\" src=\"https:\/\/lasagessedufou.com\/wp-content\/uploads\/2026\/01\/DSCF7649-1024x683.jpg\" alt=\"\" class=\"wp-image-1055\" srcset=\"https:\/\/lasagessedufou.com\/wp-content\/uploads\/2026\/01\/DSCF7649-1024x683.jpg 1024w, https:\/\/lasagessedufou.com\/wp-content\/uploads\/2026\/01\/DSCF7649-300x200.jpg 300w, https:\/\/lasagessedufou.com\/wp-content\/uploads\/2026\/01\/DSCF7649-768x512.jpg 768w, https:\/\/lasagessedufou.com\/wp-content\/uploads\/2026\/01\/DSCF7649-1536x1024.jpg 1536w\" sizes=\"auto, (max-width: 1024px) 100vw, 1024px\" \/><\/figure>\n\n\n\n<figure class=\"wp-block-image size-large\"><img loading=\"lazy\" decoding=\"async\" width=\"1024\" height=\"683\" data-id=\"1054\" src=\"https:\/\/lasagessedufou.com\/wp-content\/uploads\/2026\/01\/DSCF6990-1024x683.jpg\" alt=\"\" class=\"wp-image-1054\" srcset=\"https:\/\/lasagessedufou.com\/wp-content\/uploads\/2026\/01\/DSCF6990-1024x683.jpg 1024w, https:\/\/lasagessedufou.com\/wp-content\/uploads\/2026\/01\/DSCF6990-300x200.jpg 300w, https:\/\/lasagessedufou.com\/wp-content\/uploads\/2026\/01\/DSCF6990-768x512.jpg 768w, https:\/\/lasagessedufou.com\/wp-content\/uploads\/2026\/01\/DSCF6990-1536x1024.jpg 1536w\" sizes=\"auto, (max-width: 1024px) 100vw, 1024px\" \/><\/figure>\n<\/figure>\n\n\n\n<p>On m\u2019appelle Baudouin.<\/p>\n\n\n\n<p>Je suis une terre en expansion et non un produit fini, je suis un \u00catre sensible venu exp\u00e9rimenter la vie sur terre dans un corps d\u2019humain, comme toi.<\/p>\n\n\n\n<p>Curieux de nature, autodidacte de naissance, manuel, touche-\u00e0-tout, inadapt\u00e9 adapt\u00e9, farfelu du soi, farfelu de soi, conscient de l\u2019\u00catre, multiple et contradictoire par essence, humain, homme, europ\u00e9en, belge, p\u00e8re, travailleur, vieux, jeune, grand, petit, f\u00e2ch\u00e9, heureux, con, intelligent\u2026 Et une multitude d\u2019autres choses que je suis. Comme toi.<\/p>\n\n\n\n<p>Je fonctionne avec des croyances, j\u2019ai des peurs, des manques, des d\u00e9sirs, j\u2019ai une r\u00e9alit\u00e9 ordinaire, j\u2019ai un monde int\u00e9rieur, j\u2019ai un monde ext\u00e9rieur, je m\u2019occupe \u00e0 des choses de toutes sortes, j\u2019ai des besoins, des envies, des j\u2019aime pas, des j\u2019aime bien\u2026 Comme toi.<\/p>\n\n\n\n<p>Il y a 40 ans je d\u00e9marrais un voyage sans fin, celui de moi-m\u00eame. J\u2019ai retir\u00e9 (et je continue \u00e0 le faire) des cailloux, des pierres, des montagnes, du champ de conscience que je suis, gr\u00e2ce une longue pratique de Soi, de nombreuses exp\u00e9riences \u00e9nerg\u00e9tiques et de consciences.<\/p>\n\n\n\n<p><strong>Mon chemin<\/strong><\/p>\n\n\n\n<p>Depuis toujours anim\u00e9 par une qu\u00eate de sens, me voici sur le chemin \u00e0 chercher La Voie. Au d\u00e9but, j&rsquo;essaye ici et l\u00e0, exalt\u00e9 par ce j&rsquo;entrevois d\u2019un \u00e9tat d\u2019\u00eatre compl\u00e8tement libre. Mes premi\u00e8res rencontres s\u00e9rieuses se font \u00e0 travers les livres d\u2019Arnaud Desjardin et puis de beaucoup d\u2019autres. A 25 ans, j&rsquo;envoie tout en l\u2019air et pars r\u00e9aliser ce qui me tient vraiment \u00e0 c\u0153ur : deux voyages au long cours en Asie. J&rsquo;en reviens grandi par de nombreuses rencontres et exp\u00e9riences. Apr\u00e8s avoir test\u00e9 le Vipassana, je d\u00e9couvre le Kriya Yoga de Paramahamsa Hariharananda et sa lign\u00e9e de maitres. Le Kriya Yoga va m\u2019accompagner pendant plus de 15 ans dans la m\u00e9ditation et l\u2019\u00e9volution de ma conscience. Puis, moi qui cherche la Libert\u00e9, je me retrouve emprisonn\u00e9 dans les r\u00e8gles et les dogmes qui m&rsquo;ont servi jusque l\u00e0. Voil\u00e0 que je r\u00e9alise qu\u2019\u00e0 vouloir chercher \u00e0 me \u00ab\u00a0r\u00e9aliser\u00a0\u00bb, j&rsquo;oublie d\u2019\u00catre. Je cherche toujours l\u2019inaccessible \u00e9toile !&nbsp;<br>Je d\u00e9cide alors d&rsquo;aller voir ailleurs si j&rsquo;y suis, en m&rsquo;initiant \u00e0 diff\u00e9rentes techniques et pratiques \u00e9nerg\u00e9tiques, chamaniques, m\u00e9ditatives&#8230;&nbsp;&nbsp;<\/p>\n\n\n\n<p><br><strong>Tous cela a eu comme b\u00e9n\u00e9fice, de laisser en moi, de plus en plus de place \u00e0 l\u2019\u00e2me, cette partie vivante et sacr\u00e9e en soi qui attend d\u2019\u00eatre \u00e9cout\u00e9e.<\/strong><\/p>\n\n\n\n<p>Tout cela me permet aujourd&rsquo;hui d&rsquo;accepter ce qui est ici et maintenant.                                                        Et voil\u00e0 la libert\u00e9 qui pointe le bout de son nez avec ses fruits : la joie et la l\u00e9g\u00e8ret\u00e9.<\/p>\n\n\n\n<p>Amiti\u00e9s,<br>Baudouin<\/p>\n","protected":false},"excerpt":{"rendered":"<p>On m\u2019appelle Baudouin. Je suis une terre en expansion et non un produit fini, je suis un \u00catre sensible venu exp\u00e9rimenter la vie sur terre dans un corps d\u2019humain, comme toi. Curieux de nature, autodidacte de naissance, manuel, touche-\u00e0-tout, inadapt\u00e9 adapt\u00e9, farfelu du soi, farfelu de soi, conscient de l\u2019\u00catre, multiple et contradictoire par essence, [&hellip;]<\/p>\n","protected":false},"author":1,"featured_media":0,"parent":0,"menu_order":0,"comment_status":"closed","ping_status":"closed","template":"","meta":{"footnotes":""},"class_list":["post-976","page","type-page","status-publish","hentry"],"_links":{"self":[{"href":"https:\/\/lasagessedufou.com\/index.php\/wp-json\/wp\/v2\/pages\/976","targetHints":{"allow":["GET"]}}],"collection":[{"href":"https:\/\/lasagessedufou.com\/index.php\/wp-json\/wp\/v2\/pages"}],"about":[{"href":"https:\/\/lasagessedufou.com\/index.php\/wp-json\/wp\/v2\/types\/page"}],"author":[{"embeddable":true,"href":"https:\/\/lasagessedufou.com\/index.php\/wp-json\/wp\/v2\/users\/1"}],"replies":[{"embeddable":true,"href":"https:\/\/lasagessedufou.com\/index.php\/wp-json\/wp\/v2\/comments?post=976"}],"version-history":[{"count":5,"href":"https:\/\/lasagessedufou.com\/index.php\/wp-json\/wp\/v2\/pages\/976\/revisions"}],"predecessor-version":[{"id":1057,"href":"https:\/\/lasagessedufou.com\/index.php\/wp-json\/wp\/v2\/pages\/976\/revisions\/1057"}],"wp:attachment":[{"href":"https:\/\/lasagessedufou.com\/index.php\/wp-json\/wp\/v2\/media?parent=976"}],"curies":[{"name":"wp","href":"https:\/\/api.w.org\/{rel}","templated":true}]}}